{"id":15,"date":"2022-01-05T17:07:43","date_gmt":"2022-01-05T17:07:43","guid":{"rendered":"http:\/\/cupefilms.fi\/?page_id=15"},"modified":"2024-10-19T09:23:07","modified_gmt":"2024-10-19T07:23:07","slug":"muotokuvaus","status":"publish","type":"page","link":"https:\/\/cupefilms.fi\/index.php\/muotokuvaus\/","title":{"rendered":"Muotokuvaus"},"content":{"rendered":"\n<blockquote class=\"wp-block-quote is-layout-flow wp-block-quote-is-layout-flow\">\n<p>Valokuvaan sinulle t\u00e4rke\u00e4n henkil\u00f6n. Valitsemassasi milj\u00f6\u00f6ss\u00e4.<\/p>\n<\/blockquote>\n\n\n\n<figure class=\"wp-block-gallery has-nested-images columns-default is-cropped wp-block-gallery-1 is-layout-flex wp-block-gallery-is-layout-flex\">\n<figure class=\"wp-block-image size-large\"><img loading=\"lazy\" decoding=\"async\" width=\"780\" height=\"1040\" data-id=\"264\" src=\"https:\/\/cupefilms.fi\/wp-content\/uploads\/2022\/05\/IMG_4241_2x.jpg\" alt=\"\" class=\"wp-image-264\" srcset=\"https:\/\/cupefilms.fi\/wp-content\/uploads\/2022\/05\/IMG_4241_2x.jpg 780w, https:\/\/cupefilms.fi\/wp-content\/uploads\/2022\/05\/IMG_4241_2x-225x300.jpg 225w, https:\/\/cupefilms.fi\/wp-content\/uploads\/2022\/05\/IMG_4241_2x-768x1024.jpg 768w\" sizes=\"(max-width: 767px) 89vw, (max-width: 1000px) 54vw, (max-width: 1071px) 543px, 580px\" \/><\/figure>\n\n\n\n<figure class=\"wp-block-image size-large\"><img loading=\"lazy\" decoding=\"async\" width=\"780\" height=\"1040\" data-id=\"266\" src=\"https:\/\/cupefilms.fi\/wp-content\/uploads\/2022\/05\/IMG_9473_2x.jpg\" alt=\"\" class=\"wp-image-266\" srcset=\"https:\/\/cupefilms.fi\/wp-content\/uploads\/2022\/05\/IMG_9473_2x.jpg 780w, https:\/\/cupefilms.fi\/wp-content\/uploads\/2022\/05\/IMG_9473_2x-225x300.jpg 225w, https:\/\/cupefilms.fi\/wp-content\/uploads\/2022\/05\/IMG_9473_2x-768x1024.jpg 768w\" sizes=\"(max-width: 767px) 89vw, (max-width: 1000px) 54vw, (max-width: 1071px) 543px, 580px\" \/><\/figure>\n\n\n\n<figure class=\"wp-block-image size-large\"><img loading=\"lazy\" decoding=\"async\" width=\"780\" height=\"1040\" data-id=\"265\" src=\"https:\/\/cupefilms.fi\/wp-content\/uploads\/2022\/05\/IMG_5441_2x.jpg\" alt=\"\" class=\"wp-image-265\" srcset=\"https:\/\/cupefilms.fi\/wp-content\/uploads\/2022\/05\/IMG_5441_2x.jpg 780w, https:\/\/cupefilms.fi\/wp-content\/uploads\/2022\/05\/IMG_5441_2x-225x300.jpg 225w, https:\/\/cupefilms.fi\/wp-content\/uploads\/2022\/05\/IMG_5441_2x-768x1024.jpg 768w\" sizes=\"(max-width: 767px) 89vw, (max-width: 1000px) 54vw, (max-width: 1071px) 543px, 580px\" \/><\/figure>\n<\/figure>\n\n\n\n<figure class=\"wp-block-gallery has-nested-images columns-default is-cropped wp-block-gallery-2 is-layout-flex wp-block-gallery-is-layout-flex\">\n<figure class=\"wp-block-image size-large\"><img loading=\"lazy\" decoding=\"async\" width=\"1920\" height=\"2560\" data-id=\"100\" src=\"https:\/\/cupefilms.fi\/wp-content\/uploads\/2022\/03\/lapsi-scaled.jpeg\" alt=\"\" class=\"wp-image-100\" srcset=\"https:\/\/cupefilms.fi\/wp-content\/uploads\/2022\/03\/lapsi-scaled.jpeg 1920w, https:\/\/cupefilms.fi\/wp-content\/uploads\/2022\/03\/lapsi-225x300.jpeg 225w, https:\/\/cupefilms.fi\/wp-content\/uploads\/2022\/03\/lapsi-768x1024.jpeg 768w, https:\/\/cupefilms.fi\/wp-content\/uploads\/2022\/03\/lapsi-1152x1536.jpeg 1152w, https:\/\/cupefilms.fi\/wp-content\/uploads\/2022\/03\/lapsi-1536x2048.jpeg 1536w\" sizes=\"(max-width: 767px) 89vw, (max-width: 1000px) 54vw, (max-width: 1071px) 543px, 580px\" \/><\/figure>\n\n\n\n<figure class=\"wp-block-image size-large\"><img loading=\"lazy\" decoding=\"async\" width=\"1920\" height=\"2560\" data-id=\"116\" src=\"https:\/\/cupefilms.fi\/wp-content\/uploads\/2022\/03\/IMG_4256-scaled.jpeg\" alt=\"\" class=\"wp-image-116\" srcset=\"https:\/\/cupefilms.fi\/wp-content\/uploads\/2022\/03\/IMG_4256-scaled.jpeg 1920w, https:\/\/cupefilms.fi\/wp-content\/uploads\/2022\/03\/IMG_4256-225x300.jpeg 225w, https:\/\/cupefilms.fi\/wp-content\/uploads\/2022\/03\/IMG_4256-768x1024.jpeg 768w, https:\/\/cupefilms.fi\/wp-content\/uploads\/2022\/03\/IMG_4256-1152x1536.jpeg 1152w, https:\/\/cupefilms.fi\/wp-content\/uploads\/2022\/03\/IMG_4256-1536x2048.jpeg 1536w\" sizes=\"(max-width: 767px) 89vw, (max-width: 1000px) 54vw, (max-width: 1071px) 543px, 580px\" \/><\/figure>\n<\/figure>\n\n\n\n<p class=\"has-text-align-center\">Alkaen 240 \u20ac<\/p>\n\n\n\n<p class=\"has-text-align-center has-small-font-size\">Sis\u00e4lt\u00e4\u00e4 kuvien k\u00e4sittelyn ja toimittamisen digitaalisessa muodossa.<\/p>\n\n\n\n<div style=\"height:100px\" aria-hidden=\"true\" class=\"wp-block-spacer\"><\/div>\n","protected":false},"excerpt":{"rendered":"<p>Valokuvaan sinulle t\u00e4rke\u00e4n henkil\u00f6n. Valitsemassasi milj\u00f6\u00f6ss\u00e4. Alkaen 240 \u20ac Sis\u00e4lt\u00e4\u00e4 kuvien k\u00e4sittelyn ja toimittamisen digitaalisessa muodossa.<\/p>\n","protected":false},"author":1,"featured_media":90,"parent":0,"menu_order":0,"comment_status":"closed","ping_status":"closed","template":"","meta":{"footnotes":""},"class_list":["post-15","page","type-page","status-publish","has-post-thumbnail","hentry"],"_links":{"self":[{"href":"https:\/\/cupefilms.fi\/index.php\/wp-json\/wp\/v2\/pages\/15"}],"collection":[{"href":"https:\/\/cupefilms.fi\/index.php\/wp-json\/wp\/v2\/pages"}],"about":[{"href":"https:\/\/cupefilms.fi\/index.php\/wp-json\/wp\/v2\/types\/page"}],"author":[{"embeddable":true,"href":"https:\/\/cupefilms.fi\/index.php\/wp-json\/wp\/v2\/users\/1"}],"replies":[{"embeddable":true,"href":"https:\/\/cupefilms.fi\/index.php\/wp-json\/wp\/v2\/comments?post=15"}],"version-history":[{"count":26,"href":"https:\/\/cupefilms.fi\/index.php\/wp-json\/wp\/v2\/pages\/15\/revisions"}],"predecessor-version":[{"id":457,"href":"https:\/\/cupefilms.fi\/index.php\/wp-json\/wp\/v2\/pages\/15\/revisions\/457"}],"wp:featuredmedia":[{"embeddable":true,"href":"https:\/\/cupefilms.fi\/index.php\/wp-json\/wp\/v2\/media\/90"}],"wp:attachment":[{"href":"https:\/\/cupefilms.fi\/index.php\/wp-json\/wp\/v2\/media?parent=15"}],"curies":[{"name":"wp","href":"https:\/\/api.w.org\/{rel}","templated":true}]}}