{"id":16,"date":"2022-01-05T17:07:43","date_gmt":"2022-01-05T17:07:43","guid":{"rendered":"http:\/\/cupefilms.fi\/?page_id=16"},"modified":"2024-10-19T09:23:22","modified_gmt":"2024-10-19T07:23:22","slug":"tilannekuvaus","status":"publish","type":"page","link":"https:\/\/cupefilms.fi\/index.php\/tilannekuvaus\/","title":{"rendered":"Tilannekuvaus"},"content":{"rendered":"\n<blockquote class=\"wp-block-quote has-text-align-left is-layout-flow wp-block-quote-is-layout-flow\">\n<p>Valokuvaan haluamasi tapahtuman. Ja sin\u00e4 voit keskitty\u00e4 olennaiseen.<\/p>\n<\/blockquote>\n\n\n\n<figure class=\"wp-block-gallery has-nested-images columns-2 is-cropped wp-block-gallery-1 is-layout-flex wp-block-gallery-is-layout-flex\">\n<figure class=\"wp-block-image size-large\"><img loading=\"lazy\" decoding=\"async\" width=\"2560\" height=\"1707\" data-id=\"254\" src=\"https:\/\/cupefilms.fi\/wp-content\/uploads\/2022\/05\/IMG_2867-scaled.jpeg\" alt=\"\" class=\"wp-image-254\" srcset=\"https:\/\/cupefilms.fi\/wp-content\/uploads\/2022\/05\/IMG_2867-scaled.jpeg 2560w, https:\/\/cupefilms.fi\/wp-content\/uploads\/2022\/05\/IMG_2867-300x200.jpeg 300w, https:\/\/cupefilms.fi\/wp-content\/uploads\/2022\/05\/IMG_2867-1024x683.jpeg 1024w, https:\/\/cupefilms.fi\/wp-content\/uploads\/2022\/05\/IMG_2867-1536x1024.jpeg 1536w, https:\/\/cupefilms.fi\/wp-content\/uploads\/2022\/05\/IMG_2867-2048x1366.jpeg 2048w, https:\/\/cupefilms.fi\/wp-content\/uploads\/2022\/05\/IMG_2867-360x240.jpeg 360w\" sizes=\"(max-width: 767px) 89vw, (max-width: 1000px) 54vw, (max-width: 1071px) 543px, 580px\" \/><\/figure>\n\n\n\n<figure class=\"wp-block-image size-full\"><img loading=\"lazy\" decoding=\"async\" width=\"2560\" height=\"1707\" data-id=\"229\" src=\"https:\/\/cupefilms.fi\/wp-content\/uploads\/2022\/05\/Wedding-\u2013-Versio-4-scaled.jpeg\" alt=\"\" class=\"wp-image-229\" srcset=\"https:\/\/cupefilms.fi\/wp-content\/uploads\/2022\/05\/Wedding-\u2013-Versio-4-scaled.jpeg 2560w, https:\/\/cupefilms.fi\/wp-content\/uploads\/2022\/05\/Wedding-\u2013-Versio-4-300x200.jpeg 300w, https:\/\/cupefilms.fi\/wp-content\/uploads\/2022\/05\/Wedding-\u2013-Versio-4-1024x683.jpeg 1024w, https:\/\/cupefilms.fi\/wp-content\/uploads\/2022\/05\/Wedding-\u2013-Versio-4-1536x1024.jpeg 1536w, https:\/\/cupefilms.fi\/wp-content\/uploads\/2022\/05\/Wedding-\u2013-Versio-4-2048x1366.jpeg 2048w, https:\/\/cupefilms.fi\/wp-content\/uploads\/2022\/05\/Wedding-\u2013-Versio-4-360x240.jpeg 360w\" sizes=\"(max-width: 767px) 89vw, (max-width: 1000px) 54vw, (max-width: 1071px) 543px, 580px\" \/><\/figure>\n<\/figure>\n\n\n\n<p>Kamera pysyy k\u00e4dess\u00e4ni tilanteessa kuin tilanteessa. Nappaan ikimuistoiset kuvat ja <a href=\"https:\/\/cupefilms.fi\/index.php\/videokuvaus\/\" data-type=\"page\" data-id=\"396\">videot<\/a> talteen haluamastasi tapahtumasta dokumentoiden niist\u00e4 sinun n\u00e4k\u00f6isesi tarinan.<\/p>\n\n\n\n<div style=\"height:100px\" aria-hidden=\"true\" class=\"wp-block-spacer\"><\/div>\n\n\n\n<div class=\"wp-block-columns is-layout-flex wp-container-core-columns-is-layout-1 wp-block-columns-is-layout-flex\">\n<div class=\"wp-block-column is-layout-flow wp-block-column-is-layout-flow\">\n<h3 class=\"wp-block-heading\">Juhlakuvaus<\/h3>\n\n\n\n<p>T\u00e4rke\u00e4n perhetapahtuman valokuvaus.<\/p>\n<\/div>\n\n\n\n<div class=\"wp-block-column is-layout-flow wp-block-column-is-layout-flow\">\n<figure class=\"wp-block-image size-large\"><img loading=\"lazy\" decoding=\"async\" width=\"1024\" height=\"683\" src=\"https:\/\/cupefilms.fi\/wp-content\/uploads\/2022\/05\/IMG_4507-1024x683.jpeg\" alt=\"\" class=\"wp-image-275\" srcset=\"https:\/\/cupefilms.fi\/wp-content\/uploads\/2022\/05\/IMG_4507-1024x683.jpeg 1024w, https:\/\/cupefilms.fi\/wp-content\/uploads\/2022\/05\/IMG_4507-300x200.jpeg 300w, https:\/\/cupefilms.fi\/wp-content\/uploads\/2022\/05\/IMG_4507-1536x1024.jpeg 1536w, https:\/\/cupefilms.fi\/wp-content\/uploads\/2022\/05\/IMG_4507-2048x1366.jpeg 2048w, https:\/\/cupefilms.fi\/wp-content\/uploads\/2022\/05\/IMG_4507-360x240.jpeg 360w\" sizes=\"(max-width: 767px) 89vw, (max-width: 1000px) 54vw, (max-width: 1071px) 543px, 580px\" \/><\/figure>\n<\/div>\n<\/div>\n\n\n\n<div class=\"wp-block-columns is-layout-flex wp-container-core-columns-is-layout-2 wp-block-columns-is-layout-flex\">\n<div class=\"wp-block-column is-layout-flow wp-block-column-is-layout-flow\">\n<h3 class=\"wp-block-heading\">Urheilukuvaus<\/h3>\n\n\n\n<p>Urheilu- ja harrastustoiminnan valokuvaus.<\/p>\n<\/div>\n\n\n\n<div class=\"wp-block-column is-layout-flow wp-block-column-is-layout-flow\">\n<figure class=\"wp-block-image size-large\"><img loading=\"lazy\" decoding=\"async\" width=\"1024\" height=\"683\" src=\"https:\/\/cupefilms.fi\/wp-content\/uploads\/2022\/05\/IMG_0797-1024x683.jpeg\" alt=\"\" class=\"wp-image-278\" srcset=\"https:\/\/cupefilms.fi\/wp-content\/uploads\/2022\/05\/IMG_0797-1024x683.jpeg 1024w, https:\/\/cupefilms.fi\/wp-content\/uploads\/2022\/05\/IMG_0797-300x200.jpeg 300w, https:\/\/cupefilms.fi\/wp-content\/uploads\/2022\/05\/IMG_0797-1536x1025.jpeg 1536w, https:\/\/cupefilms.fi\/wp-content\/uploads\/2022\/05\/IMG_0797-2048x1366.jpeg 2048w, https:\/\/cupefilms.fi\/wp-content\/uploads\/2022\/05\/IMG_0797-360x240.jpeg 360w\" sizes=\"(max-width: 767px) 89vw, (max-width: 1000px) 54vw, (max-width: 1071px) 543px, 580px\" \/><\/figure>\n<\/div>\n<\/div>\n\n\n\n<div class=\"wp-block-columns is-layout-flex wp-container-core-columns-is-layout-3 wp-block-columns-is-layout-flex\">\n<div class=\"wp-block-column is-layout-flow wp-block-column-is-layout-flow\">\n<h3 class=\"wp-block-heading\">Tapahtumakuvaus<\/h3>\n\n\n\n<p>Erilaisten tapahtumien dokumentaarinen valokuvaus.<\/p>\n<\/div>\n\n\n\n<div class=\"wp-block-column is-layout-flow wp-block-column-is-layout-flow\">\n<figure class=\"wp-block-image size-large\"><img loading=\"lazy\" decoding=\"async\" width=\"1024\" height=\"683\" src=\"https:\/\/cupefilms.fi\/wp-content\/uploads\/2022\/05\/IMG_4588_S-1024x683.jpeg\" alt=\"\" class=\"wp-image-279\" srcset=\"https:\/\/cupefilms.fi\/wp-content\/uploads\/2022\/05\/IMG_4588_S-1024x683.jpeg 1024w, https:\/\/cupefilms.fi\/wp-content\/uploads\/2022\/05\/IMG_4588_S-300x200.jpeg 300w, https:\/\/cupefilms.fi\/wp-content\/uploads\/2022\/05\/IMG_4588_S-1536x1024.jpeg 1536w, https:\/\/cupefilms.fi\/wp-content\/uploads\/2022\/05\/IMG_4588_S-2048x1366.jpeg 2048w, https:\/\/cupefilms.fi\/wp-content\/uploads\/2022\/05\/IMG_4588_S-360x240.jpeg 360w\" sizes=\"(max-width: 767px) 89vw, (max-width: 1000px) 54vw, (max-width: 1071px) 543px, 580px\" \/><\/figure>\n<\/div>\n<\/div>\n\n\n\n<p class=\"has-text-align-center\">Alkaen 300 \u20ac<\/p>\n\n\n\n<p class=\"has-text-align-center has-small-font-size\">Sis\u00e4lt\u00e4\u00e4 kuvien k\u00e4sittelyn ja toimittamisen digitaalisessa muodossa.<\/p>\n","protected":false},"excerpt":{"rendered":"<p>Valokuvaan haluamasi tapahtuman. Ja sin\u00e4 voit keskitty\u00e4 olennaiseen. Kamera pysyy k\u00e4dess\u00e4ni tilanteessa kuin tilanteessa. Nappaan ikimuistoiset kuvat ja videot talteen haluamastasi tapahtumasta dokumentoiden niist\u00e4 sinun n\u00e4k\u00f6isesi tarinan. Juhlakuvaus T\u00e4rke\u00e4n perhetapahtuman valokuvaus. Urheilukuvaus Urheilu- ja harrastustoiminnan valokuvaus. Tapahtumakuvaus Erilaisten tapahtumien dokumentaarinen valokuvaus. Alkaen 300 \u20ac Sis\u00e4lt\u00e4\u00e4 kuvien k\u00e4sittelyn ja toimittamisen digitaalisessa muodossa.<\/p>\n","protected":false},"author":1,"featured_media":87,"parent":0,"menu_order":0,"comment_status":"closed","ping_status":"closed","template":"","meta":{"footnotes":""},"class_list":["post-16","page","type-page","status-publish","has-post-thumbnail","hentry"],"_links":{"self":[{"href":"https:\/\/cupefilms.fi\/index.php\/wp-json\/wp\/v2\/pages\/16"}],"collection":[{"href":"https:\/\/cupefilms.fi\/index.php\/wp-json\/wp\/v2\/pages"}],"about":[{"href":"https:\/\/cupefilms.fi\/index.php\/wp-json\/wp\/v2\/types\/page"}],"author":[{"embeddable":true,"href":"https:\/\/cupefilms.fi\/index.php\/wp-json\/wp\/v2\/users\/1"}],"replies":[{"embeddable":true,"href":"https:\/\/cupefilms.fi\/index.php\/wp-json\/wp\/v2\/comments?post=16"}],"version-history":[{"count":36,"href":"https:\/\/cupefilms.fi\/index.php\/wp-json\/wp\/v2\/pages\/16\/revisions"}],"predecessor-version":[{"id":458,"href":"https:\/\/cupefilms.fi\/index.php\/wp-json\/wp\/v2\/pages\/16\/revisions\/458"}],"wp:featuredmedia":[{"embeddable":true,"href":"https:\/\/cupefilms.fi\/index.php\/wp-json\/wp\/v2\/media\/87"}],"wp:attachment":[{"href":"https:\/\/cupefilms.fi\/index.php\/wp-json\/wp\/v2\/media?parent=16"}],"curies":[{"name":"wp","href":"https:\/\/api.w.org\/{rel}","templated":true}]}}