{"id":52,"date":"2022-03-13T21:19:24","date_gmt":"2022-03-13T19:19:24","guid":{"rendered":"https:\/\/cupefilms.fi\/?page_id=52"},"modified":"2024-10-19T09:22:43","modified_gmt":"2024-10-19T07:22:43","slug":"kuvankasittely","status":"publish","type":"page","link":"https:\/\/cupefilms.fi\/index.php\/kuvankasittely\/","title":{"rendered":"Kuvank\u00e4sittely"},"content":{"rendered":"\n<blockquote class=\"wp-block-quote is-layout-flow wp-block-quote-is-layout-flow\">\n<p>K\u00e4sittelen kaikki toimittamani kuvat hienovaraisesti.<\/p>\n<\/blockquote>\n\n\n\n<p>Kuvank\u00e4sittely sis\u00e4lt\u00e4\u00e4 valotuksen s\u00e4\u00e4d\u00f6n, v\u00e4rikorjauksen, valkotasapainon tarkastuksen, ter\u00e4voinnin sek\u00e4 tarvittaessa rajauksen.<\/p>\n\n\n\n<figure class=\"wp-block-image size-large is-resized is-style-default\"><img loading=\"lazy\" decoding=\"async\" width=\"1024\" height=\"683\" src=\"https:\/\/cupefilms.fi\/wp-content\/uploads\/2022\/04\/IMG_8810-1024x683.jpeg\" alt=\"\" class=\"wp-image-209\" style=\"width:392px;height:261px\" srcset=\"https:\/\/cupefilms.fi\/wp-content\/uploads\/2022\/04\/IMG_8810-1024x683.jpeg 1024w, https:\/\/cupefilms.fi\/wp-content\/uploads\/2022\/04\/IMG_8810-300x200.jpeg 300w, https:\/\/cupefilms.fi\/wp-content\/uploads\/2022\/04\/IMG_8810-1536x1024.jpeg 1536w, https:\/\/cupefilms.fi\/wp-content\/uploads\/2022\/04\/IMG_8810-2048x1366.jpeg 2048w, https:\/\/cupefilms.fi\/wp-content\/uploads\/2022\/04\/IMG_8810-360x240.jpeg 360w\" sizes=\"(max-width: 767px) 89vw, (max-width: 1000px) 54vw, (max-width: 1071px) 543px, 580px\" \/><figcaption class=\"wp-element-caption\">Alkuper\u00e4inen valokuva.<\/figcaption><\/figure>\n\n\n\n<figure class=\"wp-block-image size-large is-resized\"><img loading=\"lazy\" decoding=\"async\" width=\"768\" height=\"1024\" src=\"https:\/\/cupefilms.fi\/wp-content\/uploads\/2022\/03\/lapsi-768x1024.jpeg\" alt=\"\" class=\"wp-image-100\" style=\"width:393px;height:524px\" srcset=\"https:\/\/cupefilms.fi\/wp-content\/uploads\/2022\/03\/lapsi-768x1024.jpeg 768w, https:\/\/cupefilms.fi\/wp-content\/uploads\/2022\/03\/lapsi-225x300.jpeg 225w, https:\/\/cupefilms.fi\/wp-content\/uploads\/2022\/03\/lapsi-1152x1536.jpeg 1152w, https:\/\/cupefilms.fi\/wp-content\/uploads\/2022\/03\/lapsi-1536x2048.jpeg 1536w, https:\/\/cupefilms.fi\/wp-content\/uploads\/2022\/03\/lapsi-scaled.jpeg 1920w\" sizes=\"(max-width: 767px) 89vw, (max-width: 1000px) 54vw, (max-width: 1071px) 543px, 580px\" \/><figcaption class=\"wp-element-caption\">K\u00e4sitelty valokuva.<\/figcaption><\/figure>\n\n\n\n<p>Erikoisempia muokkauksia toteutetaan sovittaessa. N\u00e4ihin sis\u00e4ltyv\u00e4t esimerkiksi mustavalkokuvat, sepia, mustavalko- ja v\u00e4riyhdistelm\u00e4t sek\u00e4 suodattimien k\u00e4ytt\u00f6.<\/p>\n\n\n\n<figure class=\"wp-block-gallery has-nested-images columns-2 is-cropped wp-block-gallery-1 is-layout-flex wp-block-gallery-is-layout-flex\">\n<figure class=\"wp-block-image size-large\"><img loading=\"lazy\" decoding=\"async\" width=\"1024\" height=\"640\" data-id=\"341\" src=\"https:\/\/cupefilms.fi\/wp-content\/uploads\/2022\/07\/IMG_9605-2-1024x640.jpg\" alt=\"\" class=\"wp-image-341\" srcset=\"https:\/\/cupefilms.fi\/wp-content\/uploads\/2022\/07\/IMG_9605-2-1024x640.jpg 1024w, https:\/\/cupefilms.fi\/wp-content\/uploads\/2022\/07\/IMG_9605-2-300x187.jpg 300w, https:\/\/cupefilms.fi\/wp-content\/uploads\/2022\/07\/IMG_9605-2-1536x960.jpg 1536w, https:\/\/cupefilms.fi\/wp-content\/uploads\/2022\/07\/IMG_9605-2-2048x1280.jpg 2048w\" sizes=\"(max-width: 767px) 89vw, (max-width: 1000px) 54vw, (max-width: 1071px) 543px, 580px\" \/><figcaption class=\"wp-element-caption\">V\u00e4rikyll\u00e4inen<\/figcaption><\/figure>\n\n\n\n<figure class=\"wp-block-image size-large\"><img loading=\"lazy\" decoding=\"async\" width=\"1024\" height=\"640\" data-id=\"339\" src=\"https:\/\/cupefilms.fi\/wp-content\/uploads\/2022\/07\/IMG_9605-3-1024x640.jpg\" alt=\"\" class=\"wp-image-339\" srcset=\"https:\/\/cupefilms.fi\/wp-content\/uploads\/2022\/07\/IMG_9605-3-1024x640.jpg 1024w, https:\/\/cupefilms.fi\/wp-content\/uploads\/2022\/07\/IMG_9605-3-300x187.jpg 300w, https:\/\/cupefilms.fi\/wp-content\/uploads\/2022\/07\/IMG_9605-3-1536x960.jpg 1536w, https:\/\/cupefilms.fi\/wp-content\/uploads\/2022\/07\/IMG_9605-3-2048x1280.jpg 2048w\" sizes=\"(max-width: 767px) 89vw, (max-width: 1000px) 54vw, (max-width: 1071px) 543px, 580px\" \/><figcaption class=\"wp-element-caption\">Mustavalkoinen<\/figcaption><\/figure>\n\n\n\n<figure class=\"wp-block-image size-large\"><img loading=\"lazy\" decoding=\"async\" width=\"1024\" height=\"683\" data-id=\"340\" src=\"https:\/\/cupefilms.fi\/wp-content\/uploads\/2022\/07\/IMG_9605-4-1024x683.jpg\" alt=\"\" class=\"wp-image-340\" srcset=\"https:\/\/cupefilms.fi\/wp-content\/uploads\/2022\/07\/IMG_9605-4-1024x683.jpg 1024w, https:\/\/cupefilms.fi\/wp-content\/uploads\/2022\/07\/IMG_9605-4-300x200.jpg 300w, https:\/\/cupefilms.fi\/wp-content\/uploads\/2022\/07\/IMG_9605-4-1536x1024.jpg 1536w, https:\/\/cupefilms.fi\/wp-content\/uploads\/2022\/07\/IMG_9605-4-2048x1365.jpg 2048w\" sizes=\"(max-width: 767px) 89vw, (max-width: 1000px) 54vw, (max-width: 1071px) 543px, 580px\" \/><figcaption class=\"wp-element-caption\">Yhdistelm\u00e4<\/figcaption><\/figure>\n\n\n\n<figure class=\"wp-block-image size-large\"><img loading=\"lazy\" decoding=\"async\" width=\"1024\" height=\"640\" data-id=\"342\" src=\"https:\/\/cupefilms.fi\/wp-content\/uploads\/2022\/07\/IMG_9605-1024x640.jpg\" alt=\"\" class=\"wp-image-342\" srcset=\"https:\/\/cupefilms.fi\/wp-content\/uploads\/2022\/07\/IMG_9605-1024x640.jpg 1024w, https:\/\/cupefilms.fi\/wp-content\/uploads\/2022\/07\/IMG_9605-300x187.jpg 300w, https:\/\/cupefilms.fi\/wp-content\/uploads\/2022\/07\/IMG_9605-1536x960.jpg 1536w, https:\/\/cupefilms.fi\/wp-content\/uploads\/2022\/07\/IMG_9605-2048x1280.jpg 2048w\" sizes=\"(max-width: 767px) 89vw, (max-width: 1000px) 54vw, (max-width: 1071px) 543px, 580px\" \/><figcaption class=\"wp-element-caption\">Sepia<\/figcaption><\/figure>\n<\/figure>\n\n\n\n<p class=\"has-text-align-center\">90 \u20ac \/ tunti<\/p>\n","protected":false},"excerpt":{"rendered":"<p>K\u00e4sittelen kaikki toimittamani kuvat hienovaraisesti. Kuvank\u00e4sittely sis\u00e4lt\u00e4\u00e4 valotuksen s\u00e4\u00e4d\u00f6n, v\u00e4rikorjauksen, valkotasapainon tarkastuksen, ter\u00e4voinnin sek\u00e4 tarvittaessa rajauksen. Erikoisempia muokkauksia toteutetaan sovittaessa. N\u00e4ihin sis\u00e4ltyv\u00e4t esimerkiksi mustavalkokuvat, sepia, mustavalko- ja v\u00e4riyhdistelm\u00e4t sek\u00e4 suodattimien k\u00e4ytt\u00f6. 90 \u20ac \/ tunti<\/p>\n","protected":false},"author":1,"featured_media":113,"parent":0,"menu_order":0,"comment_status":"closed","ping_status":"closed","template":"","meta":{"footnotes":""},"class_list":["post-52","page","type-page","status-publish","has-post-thumbnail","hentry"],"_links":{"self":[{"href":"https:\/\/cupefilms.fi\/index.php\/wp-json\/wp\/v2\/pages\/52"}],"collection":[{"href":"https:\/\/cupefilms.fi\/index.php\/wp-json\/wp\/v2\/pages"}],"about":[{"href":"https:\/\/cupefilms.fi\/index.php\/wp-json\/wp\/v2\/types\/page"}],"author":[{"embeddable":true,"href":"https:\/\/cupefilms.fi\/index.php\/wp-json\/wp\/v2\/users\/1"}],"replies":[{"embeddable":true,"href":"https:\/\/cupefilms.fi\/index.php\/wp-json\/wp\/v2\/comments?post=52"}],"version-history":[{"count":19,"href":"https:\/\/cupefilms.fi\/index.php\/wp-json\/wp\/v2\/pages\/52\/revisions"}],"predecessor-version":[{"id":456,"href":"https:\/\/cupefilms.fi\/index.php\/wp-json\/wp\/v2\/pages\/52\/revisions\/456"}],"wp:featuredmedia":[{"embeddable":true,"href":"https:\/\/cupefilms.fi\/index.php\/wp-json\/wp\/v2\/media\/113"}],"wp:attachment":[{"href":"https:\/\/cupefilms.fi\/index.php\/wp-json\/wp\/v2\/media?parent=52"}],"curies":[{"name":"wp","href":"https:\/\/api.w.org\/{rel}","templated":true}]}}